{"id":994,"date":"2023-01-31T22:24:25","date_gmt":"2023-01-31T21:24:25","guid":{"rendered":"https:\/\/nyan.sk\/?page_id=994"},"modified":"2024-08-26T11:38:45","modified_gmt":"2024-08-26T09:38:45","slug":"kontakt","status":"publish","type":"page","link":"https:\/\/nyan.sk\/en\/kontakt\/","title":{"rendered":"Contact"},"content":{"rendered":"<div data-elementor-type=\"wp-page\" data-elementor-id=\"994\" class=\"elementor elementor-994\" data-elementor-post-type=\"page\">\n\t\t\t\t<div class=\"elementor-element elementor-element-ad75943 e-flex e-con-boxed e-con e-parent\" data-id=\"ad75943\" data-element_type=\"container\" data-settings=\"{&quot;background_background&quot;:&quot;classic&quot;}\" data-core-v316-plus=\"true\">\n\t\t\t\t\t<div class=\"e-con-inner\">\n\t\t<div class=\"elementor-element elementor-element-55c9d8f e-con-full e-flex e-con e-child\" data-id=\"55c9d8f\" data-element_type=\"container\" data-settings=\"{&quot;background_background&quot;:&quot;classic&quot;}\">\n\t\t<div class=\"elementor-element elementor-element-b4d1342 e-con-full e-flex e-con e-child\" data-id=\"b4d1342\" data-element_type=\"container\" data-settings=\"{&quot;background_background&quot;:&quot;classic&quot;}\" data-e-bg-lazyload=\"\">\n\t\t<div class=\"elementor-element elementor-element-e277ea0 e-con-full e-flex e-con e-child\" data-id=\"e277ea0\" data-element_type=\"container\" data-settings=\"{&quot;background_background&quot;:&quot;classic&quot;}\">\n\t\t\t\t<div class=\"elementor-element elementor-element-570912d elementor-widget elementor-widget-htcontactform-addons\" data-id=\"570912d\" data-element_type=\"widget\" data-widget_type=\"htcontactform-addons.default\">\n\t\t\t\t<div class=\"elementor-widget-container\">\n\t\t\t            <div class=\"htcontact-form-wrapper\" >\n                \n<div class=\"wpcf7 no-js\" id=\"wpcf7-f1688-o1\" lang=\"sk-SK\" dir=\"ltr\">\n<div class=\"screen-reader-response\"><p role=\"status\" aria-live=\"polite\" aria-atomic=\"true\"><\/p> <ul><\/ul><\/div>\n<form action=\"\/en\/wp-json\/wp\/v2\/pages\/994#wpcf7-f1688-o1\" method=\"post\" class=\"wpcf7-form init\" aria-label=\"Kontaktn\u00fd formul\u00e1r\" enctype=\"multipart\/form-data\" novalidate=\"novalidate\" data-status=\"init\" data-trp-original-action=\"\/en\/wp-json\/wp\/v2\/pages\/994#wpcf7-f1688-o1\">\n<div style=\"display: none;\">\n<input type=\"hidden\" name=\"_wpcf7\" value=\"1688\" \/>\n<input type=\"hidden\" name=\"_wpcf7_version\" value=\"5.9.3\" \/>\n<input type=\"hidden\" name=\"_wpcf7_locale\" value=\"sk_SK\" \/>\n<input type=\"hidden\" name=\"_wpcf7_unit_tag\" value=\"wpcf7-f1688-o1\" \/>\n<input type=\"hidden\" name=\"_wpcf7_container_post\" value=\"0\" \/>\n<input type=\"hidden\" name=\"_wpcf7_posted_data_hash\" value=\"\" \/>\n<\/div>\n<p><label class=\"formular\"> <span class=\"wpcf7-form-control-wrap\" data-name=\"your-name\"><input size=\"40\" class=\"wpcf7-form-control wpcf7-text wpcf7-validates-as-required\" autocomplete=\"name\" aria-required=\"true\" aria-invalid=\"false\" placeholder=\"Name and surname\" value=\"\" type=\"text\" name=\"your-name\" \/><\/span> <\/label><br \/>\n<label class=\"formular\"> <span class=\"wpcf7-form-control-wrap\" data-name=\"your-email\"><input size=\"40\" class=\"wpcf7-form-control wpcf7-email wpcf7-validates-as-required wpcf7-text wpcf7-validates-as-email\" autocomplete=\"email\" aria-required=\"true\" aria-invalid=\"false\" placeholder=\"Your email\" value=\"\" type=\"email\" name=\"your-email\" \/><\/span> <\/label><br \/>\n<label class=\"formular\"> <span class=\"wpcf7-form-control-wrap\" data-name=\"your-message\"><textarea cols=\"40\" rows=\"10\" class=\"wpcf7-form-control wpcf7-textarea\" aria-invalid=\"false\" placeholder=\"Your message\" name=\"your-message\"><\/textarea><\/span> <\/label><br \/>\n<label class=\"formular\"> <span class=\"wpcf7-form-control-wrap\" data-name=\"acceptance-465\"><span class=\"wpcf7-form-control wpcf7-acceptance optional\"><span class=\"wpcf7-list-item\"><label><input type=\"checkbox\" name=\"acceptance-465\" value=\"1\" aria-invalid=\"false\" \/><span class=\"wpcf7-list-item-label\">I agree to GDPR<\/span><\/label><\/span><\/span><\/span><\/label><br \/>\n<label class=\"formular formul\"> Upload file preview (optional)<br \/>\n<span class=\"wpcf7-form-control-wrap\" data-name=\"file-933\"><input size=\"40\" class=\"wpcf7-form-control wpcf7-file formularp\" accept=\".jpg,.pdf,.jpeg\" aria-invalid=\"false\" type=\"file\" name=\"file-933\" \/><\/span><\/label><br \/>\n<label><br \/>\nSelect a package<br \/>\n<span class=\"wpcf7-form-control-wrap\" data-name=\"balik\"><select class=\"wpcf7-form-control wpcf7-select\" aria-invalid=\"false\" name=\"balik\"><option value=\"Zvo\u013ete bal\u00edk\">Select a package<\/option><option value=\"Z\u00e1klad\">Background<\/option><option value=\"\u0160tandard\">Standard<\/option><option value=\"Express\">Express<\/option><\/select><\/span><\/label>\n<\/p>\n<p><input class=\"wpcf7-form-control wpcf7-submit has-spinner tlacidlo\" type=\"submit\" value=\"Send to\" \/>\n<\/p><div class=\"wpcf7-response-output\" aria-hidden=\"true\"><\/div>\n<input type=\"hidden\" name=\"trp-form-language\" value=\"en\"\/><\/form>\n<\/div>\n            <\/div>\n\n        \t\t<\/div>\n\t\t\t\t<\/div>\n\t\t\t\t<\/div>\n\t\t<div class=\"elementor-element elementor-element-3e104b8 e-con-full e-flex e-con e-child\" data-id=\"3e104b8\" data-element_type=\"container\" data-settings=\"{&quot;background_background&quot;:&quot;classic&quot;}\">\n\t\t\t\t<\/div>\n\t\t\t\t<\/div>\n\t\t\t\t<\/div>\n\t\t\t\t\t<\/div>\n\t\t\t\t<\/div>\n\t\t\t\t<\/div>","protected":false},"excerpt":{"rendered":"<p>S\u00fahlas\u00edm s GDPR Nahrajte n\u00e1h\u013ead s\u00faboru (volite\u013en\u00e9) Zvo\u013ete bal\u00edk Zvo\u013ete bal\u00edkZ\u00e1klad\u0160tandardExpress<\/p>","protected":false},"author":1,"featured_media":0,"parent":0,"menu_order":0,"comment_status":"closed","ping_status":"closed","template":"","meta":{"footnotes":""},"_links":{"self":[{"href":"https:\/\/nyan.sk\/en\/wp-json\/wp\/v2\/pages\/994"}],"collection":[{"href":"https:\/\/nyan.sk\/en\/wp-json\/wp\/v2\/pages"}],"about":[{"href":"https:\/\/nyan.sk\/en\/wp-json\/wp\/v2\/types\/page"}],"author":[{"embeddable":true,"href":"https:\/\/nyan.sk\/en\/wp-json\/wp\/v2\/users\/1"}],"replies":[{"embeddable":true,"href":"https:\/\/nyan.sk\/en\/wp-json\/wp\/v2\/comments?post=994"}],"version-history":[{"count":6,"href":"https:\/\/nyan.sk\/en\/wp-json\/wp\/v2\/pages\/994\/revisions"}],"predecessor-version":[{"id":1967,"href":"https:\/\/nyan.sk\/en\/wp-json\/wp\/v2\/pages\/994\/revisions\/1967"}],"wp:attachment":[{"href":"https:\/\/nyan.sk\/en\/wp-json\/wp\/v2\/media?parent=994"}],"curies":[{"name":"wp","href":"https:\/\/api.w.org\/{rel}","templated":true}]}}